{"id":2474,"date":"2024-07-06T19:36:01","date_gmt":"2024-07-06T19:36:01","guid":{"rendered":"https:\/\/www.arkane-wear.fr\/?post_type=product&#038;p=2474"},"modified":"2025-06-29T16:21:24","modified_gmt":"2025-06-29T16:21:24","slug":"ensemble-2tx-bleu","status":"publish","type":"product","link":"https:\/\/www.arkane-wear.fr\/index.php\/product\/ensemble-2tx-bleu\/","title":{"rendered":"Ensemble 2TX Bleu"},"content":{"rendered":"<p>Voici un mod\u00e8le \u00e0 vous couper le souffle.<br \/>\nNous vous avons choisis un tissus qui est le meilleur de sa cat\u00e9gorie 2 fils 100% coton, un tissus haut de gamme.<br \/>\nLe tissus est d\u2019une douceur tellement agr\u00e9able au touch\u00e9 comme au port\u00e9 qu&rsquo;il ne vous laissera pas indiff\u00e9rent .<br \/>\nType oversize avec un tissus de qualit\u00e9 qui ne bouloche pas, ne d\u00e9colore pas.<br \/>\nId\u00e9al pour diff\u00e9rentes saisons, il ne vous collera pas \u00e0 la peau et vous vous sentirez tr\u00e8s \u00e0 l\u2019aise.<\/p>\n<p>Description du mod\u00e8le :<\/p>\n<p>T-shirt :<br \/>\n&#8211; oversize et un peu plus long<br \/>\n&#8211; Marque arkane en impression au niveau du torse<br \/>\n&#8211; Design bicolore<br \/>\n&#8211; 2 bandes au niveau des bras<\/p>\n<p>Short :<br \/>\n&#8211; Un peu plus long pour \u00e9viter qu\u2019il ne remonte trop haut et ne d\u00e9range pas<br \/>\n&#8211; Impression du logo sous la poche c\u00f4t\u00e9 gauche<br \/>\n&#8211; Continuit\u00e9 des 2 bandes le long des c\u00f4t\u00e9s<br \/>\n&#8211; Designe bicolore<br \/>\n&#8211; 2 poches de main agr\u00e9able<br \/>\n&#8211; 1 poche \u00e0 l\u2019arri\u00e8re<br \/>\n&#8211; \u00c9lastique \u00e0 la taille avec son cordon<\/p>\n","protected":false},"excerpt":{"rendered":"<p>Voici un mod\u00e8le \u00e0 vous couper le souffle. Nous vous avons choisis un tissus qui est le meilleur de sa cat\u00e9gorie 2 fils 100% coton,&#8230;<\/p>\n","protected":false},"featured_media":2482,"comment_status":"open","ping_status":"closed","template":"","meta":{"wds_primary_brand":0,"wds_primary_product_brand":0,"wds_primary_product_cat":0},"etheme_brands":[],"product_brand":[],"product_cat":[60,16],"product_tag":[],"class_list":{"0":"post-2474","1":"product","2":"type-product","3":"status-publish","4":"has-post-thumbnail","6":"product_cat-ensemble","7":"product_cat-uncategorized","9":"first","10":"instock","11":"taxable","12":"shipping-taxable","13":"purchasable","14":"product-type-variable","15":"has-default-attributes"},"_links":{"self":[{"href":"https:\/\/www.arkane-wear.fr\/index.php\/wp-json\/wp\/v2\/product\/2474","targetHints":{"allow":["GET"]}}],"collection":[{"href":"https:\/\/www.arkane-wear.fr\/index.php\/wp-json\/wp\/v2\/product"}],"about":[{"href":"https:\/\/www.arkane-wear.fr\/index.php\/wp-json\/wp\/v2\/types\/product"}],"replies":[{"embeddable":true,"href":"https:\/\/www.arkane-wear.fr\/index.php\/wp-json\/wp\/v2\/comments?post=2474"}],"version-history":[{"count":2,"href":"https:\/\/www.arkane-wear.fr\/index.php\/wp-json\/wp\/v2\/product\/2474\/revisions"}],"predecessor-version":[{"id":6858,"href":"https:\/\/www.arkane-wear.fr\/index.php\/wp-json\/wp\/v2\/product\/2474\/revisions\/6858"}],"wp:featuredmedia":[{"embeddable":true,"href":"https:\/\/www.arkane-wear.fr\/index.php\/wp-json\/wp\/v2\/media\/2482"}],"wp:attachment":[{"href":"https:\/\/www.arkane-wear.fr\/index.php\/wp-json\/wp\/v2\/media?parent=2474"}],"wp:term":[{"taxonomy":"brand","embeddable":true,"href":"https:\/\/www.arkane-wear.fr\/index.php\/wp-json\/wp\/v2\/etheme_brands?post=2474"},{"taxonomy":"product_brand","embeddable":true,"href":"https:\/\/www.arkane-wear.fr\/index.php\/wp-json\/wp\/v2\/product_brand?post=2474"},{"taxonomy":"product_cat","embeddable":true,"href":"https:\/\/www.arkane-wear.fr\/index.php\/wp-json\/wp\/v2\/product_cat?post=2474"},{"taxonomy":"product_tag","embeddable":true,"href":"https:\/\/www.arkane-wear.fr\/index.php\/wp-json\/wp\/v2\/product_tag?post=2474"}],"curies":[{"name":"wp","href":"https:\/\/api.w.org\/{rel}","templated":true}]}}