{"id":2205,"date":"2024-06-25T16:29:20","date_gmt":"2024-06-25T16:29:20","guid":{"rendered":"https:\/\/www.arkane-wear.fr\/?post_type=product&#038;p=2205"},"modified":"2024-11-09T10:05:56","modified_gmt":"2024-11-09T10:05:56","slug":"sarwel-jeans-noir","status":"publish","type":"product","link":"https:\/\/www.arkane-wear.fr\/index.php\/product\/sarwel-jeans-noir\/","title":{"rendered":"Sarwel Jeans Noir"},"content":{"rendered":"<p>Constituer de 97% de coton et 3% d\u2019\u00e9lasthane, cette combinaison des deux mati\u00e8res lui permet de r\u00e9unir \u00e0 la fois le touch\u00e9 agr\u00e9able du jeans, une bonne r\u00e9sistance et une bonne souplesse . Rajouter \u00e0 cela les coutures doubl\u00e9 pour une r\u00e9sistance accrue.<br \/>Un grammage dans le juste milieu pour un jeans solide mais aussi l\u00e9g\u00e8rement \u00e9tirable qui le rend l\u00e9ger et tres agr\u00e9able \u00e0 porter .<br \/>Deux poches de mains<br \/>Une poche cargo sur le c\u00f4t\u00e9 droit avec son rabat \u00e0 clips sur lequel vous trouverez la marque et le logo en relief ton sur ton.<br \/>Deux poches \u00e0 l&rsquo;arri\u00e8re .<br \/>\u00c9lastique \u00e0 l&rsquo;arri\u00e8re de la taille pour minimiser le visuel et permet un bon maintient et une adaptation \u00e0 votre morphologie.<br \/>Des \u00c9lastiques aux chevilles pour bien maintenir et \u00e9viter qu&rsquo;ils ne tombent et d\u00e9rangent.<br \/>Ainsi une bonne coupe avec des couleurs d\u00e9lav\u00e9 pour un bel esth\u00e9tique\u00a0\u00e9l\u00e9gant.<\/p>\n","protected":false},"excerpt":{"rendered":"<p>Constituer de 97% de coton et 3% d\u2019\u00e9lasthane, cette combinaison des deux mati\u00e8res lui permet de r\u00e9unir \u00e0 la fois le touch\u00e9 agr\u00e9able du jeans,&#8230;<\/p>\n","protected":false},"featured_media":2216,"comment_status":"open","ping_status":"closed","template":"","meta":{"wds_primary_brand":0,"wds_primary_product_brand":0,"wds_primary_product_cat":0},"etheme_brands":[],"product_brand":[],"product_cat":[53,55,16],"product_tag":[],"class_list":{"0":"post-2205","1":"product","2":"type-product","3":"status-publish","4":"has-post-thumbnail","6":"product_cat-sarwel","7":"product_cat-sarwel-jeans","8":"product_cat-uncategorized","10":"first","11":"outofstock","12":"taxable","13":"shipping-taxable","14":"purchasable","15":"product-type-variable","16":"has-default-attributes"},"_links":{"self":[{"href":"https:\/\/www.arkane-wear.fr\/index.php\/wp-json\/wp\/v2\/product\/2205","targetHints":{"allow":["GET"]}}],"collection":[{"href":"https:\/\/www.arkane-wear.fr\/index.php\/wp-json\/wp\/v2\/product"}],"about":[{"href":"https:\/\/www.arkane-wear.fr\/index.php\/wp-json\/wp\/v2\/types\/product"}],"replies":[{"embeddable":true,"href":"https:\/\/www.arkane-wear.fr\/index.php\/wp-json\/wp\/v2\/comments?post=2205"}],"version-history":[{"count":2,"href":"https:\/\/www.arkane-wear.fr\/index.php\/wp-json\/wp\/v2\/product\/2205\/revisions"}],"predecessor-version":[{"id":8045,"href":"https:\/\/www.arkane-wear.fr\/index.php\/wp-json\/wp\/v2\/product\/2205\/revisions\/8045"}],"wp:featuredmedia":[{"embeddable":true,"href":"https:\/\/www.arkane-wear.fr\/index.php\/wp-json\/wp\/v2\/media\/2216"}],"wp:attachment":[{"href":"https:\/\/www.arkane-wear.fr\/index.php\/wp-json\/wp\/v2\/media?parent=2205"}],"wp:term":[{"taxonomy":"brand","embeddable":true,"href":"https:\/\/www.arkane-wear.fr\/index.php\/wp-json\/wp\/v2\/etheme_brands?post=2205"},{"taxonomy":"product_brand","embeddable":true,"href":"https:\/\/www.arkane-wear.fr\/index.php\/wp-json\/wp\/v2\/product_brand?post=2205"},{"taxonomy":"product_cat","embeddable":true,"href":"https:\/\/www.arkane-wear.fr\/index.php\/wp-json\/wp\/v2\/product_cat?post=2205"},{"taxonomy":"product_tag","embeddable":true,"href":"https:\/\/www.arkane-wear.fr\/index.php\/wp-json\/wp\/v2\/product_tag?post=2205"}],"curies":[{"name":"wp","href":"https:\/\/api.w.org\/{rel}","templated":true}]}}