{"id":12558,"date":"2025-06-04T12:17:02","date_gmt":"2025-06-04T12:17:02","guid":{"rendered":"https:\/\/www.arkane-wear.fr\/?post_type=product&#038;p=12558"},"modified":"2025-09-28T20:34:57","modified_gmt":"2025-09-28T20:34:57","slug":"fatsa-beige","status":"publish","type":"product","link":"https:\/\/www.arkane-wear.fr\/index.php\/product\/fatsa-beige\/","title":{"rendered":"FATSA beige"},"content":{"rendered":"\t\t<div data-elementor-type=\"product-post\" data-elementor-id=\"12558\" class=\"elementor elementor-12558\" data-elementor-post-type=\"product\">\n\t\t\t\t<div class=\"elementor-element elementor-element-39d2c950 e-flex e-con-boxed e-con e-parent\" data-id=\"39d2c950\" data-element_type=\"container\">\n\t\t\t\t\t<div class=\"e-con-inner\">\n\t\t\t\t<div class=\"elementor-element elementor-element-98b9465 elementor-widget elementor-widget-text-editor\" data-id=\"98b9465\" data-element_type=\"widget\" data-widget_type=\"text-editor.default\">\n\t\t\t\t\t\t\t\t\t<p>D\u00e9couvrez notre nouvel ensemble d&rsquo;\u00e9t\u00e9 FATSA, con\u00e7u pour allier confort, l\u00e9g\u00e8ret\u00e9 et style lors de vos journ\u00e9es ensoleill\u00e9es. Fabriqu\u00e9 \u00e0 partir d\u2019un m\u00e9lange de 95% de polyamide et 5% de lycra, ce v\u00eatement offre des avantages exceptionnels :<\/p><p>Une l\u00e9g\u00e8ret\u00e9 incomparable : le tissu l\u00e9ger vous permet de rester au frais m\u00eame lors des journ\u00e9es les plus chaudes.<br \/>Une grande \u00e9lasticit\u00e9 : gr\u00e2ce \u00e0 la lycra, l\u2019ensemble \u00e9pouse parfaitement votre silhouette, offrant une libert\u00e9 de mouvement optimale pour toutes vos activit\u00e9s.<br \/>Une r\u00e9sistance accrue : le polyamide est connu pour sa durabilit\u00e9, ce qui garantit que votre v\u00eatement conservera son aspect neuf, lavage apr\u00e8s lavage.<br \/>Une facilit\u00e9 d\u2019entretien : ce tissu s\u00e8che rapidement et ne n\u00e9cessite pas de soins particuliers, id\u00e9al pour un mode de vie actif.<br \/>Cet ensemble est parfait pour un look d\u00e9contract\u00e9 tout en \u00e9tant \u00e9l\u00e9gant, que ce soit pour une promenade, une sortie entre amis ou une journ\u00e9e \u00e0 la plage. Confort et style se rencontrent pour vous offrir une exp\u00e9rience agr\u00e9able tout l\u2019\u00e9t\u00e9.<\/p>\t\t\t\t\t\t\t\t<\/div>\n\t\t\t\t\t<\/div>\n\t\t\t\t<\/div>\n\t\t\t\t<\/div>\n\t\t","protected":false},"excerpt":{"rendered":"<p>D\u00e9couvrez notre nouvel ensemble d&rsquo;\u00e9t\u00e9 FATSA, con\u00e7u pour allier confort, l\u00e9g\u00e8ret\u00e9 et style lors de vos journ\u00e9es ensoleill\u00e9es. Fabriqu\u00e9 \u00e0 partir d\u2019un m\u00e9lange de 95%&#8230;<\/p>\n","protected":false},"featured_media":12518,"comment_status":"open","ping_status":"closed","template":"","meta":{"wds_primary_brand":0,"wds_primary_product_brand":0,"wds_primary_product_cat":0},"etheme_brands":[],"product_brand":[],"product_cat":[60],"product_tag":[],"class_list":{"0":"post-12558","1":"product","2":"type-product","3":"status-publish","4":"has-post-thumbnail","6":"product_cat-ensemble","8":"first","9":"instock","10":"taxable","11":"shipping-taxable","12":"purchasable","13":"product-type-variable","14":"has-default-attributes"},"_links":{"self":[{"href":"https:\/\/www.arkane-wear.fr\/index.php\/wp-json\/wp\/v2\/product\/12558","targetHints":{"allow":["GET"]}}],"collection":[{"href":"https:\/\/www.arkane-wear.fr\/index.php\/wp-json\/wp\/v2\/product"}],"about":[{"href":"https:\/\/www.arkane-wear.fr\/index.php\/wp-json\/wp\/v2\/types\/product"}],"replies":[{"embeddable":true,"href":"https:\/\/www.arkane-wear.fr\/index.php\/wp-json\/wp\/v2\/comments?post=12558"}],"version-history":[{"count":5,"href":"https:\/\/www.arkane-wear.fr\/index.php\/wp-json\/wp\/v2\/product\/12558\/revisions"}],"predecessor-version":[{"id":12607,"href":"https:\/\/www.arkane-wear.fr\/index.php\/wp-json\/wp\/v2\/product\/12558\/revisions\/12607"}],"wp:featuredmedia":[{"embeddable":true,"href":"https:\/\/www.arkane-wear.fr\/index.php\/wp-json\/wp\/v2\/media\/12518"}],"wp:attachment":[{"href":"https:\/\/www.arkane-wear.fr\/index.php\/wp-json\/wp\/v2\/media?parent=12558"}],"wp:term":[{"taxonomy":"brand","embeddable":true,"href":"https:\/\/www.arkane-wear.fr\/index.php\/wp-json\/wp\/v2\/etheme_brands?post=12558"},{"taxonomy":"product_brand","embeddable":true,"href":"https:\/\/www.arkane-wear.fr\/index.php\/wp-json\/wp\/v2\/product_brand?post=12558"},{"taxonomy":"product_cat","embeddable":true,"href":"https:\/\/www.arkane-wear.fr\/index.php\/wp-json\/wp\/v2\/product_cat?post=12558"},{"taxonomy":"product_tag","embeddable":true,"href":"https:\/\/www.arkane-wear.fr\/index.php\/wp-json\/wp\/v2\/product_tag?post=12558"}],"curies":[{"name":"wp","href":"https:\/\/api.w.org\/{rel}","templated":true}]}}