{"id":12523,"date":"2025-06-04T11:29:05","date_gmt":"2025-06-04T11:29:05","guid":{"rendered":"https:\/\/www.arkane-wear.fr\/?post_type=product&#038;p=12523"},"modified":"2025-09-28T20:39:25","modified_gmt":"2025-09-28T20:39:25","slug":"kayseri-vert","status":"publish","type":"product","link":"https:\/\/www.arkane-wear.fr\/index.php\/product\/kayseri-vert\/","title":{"rendered":"KAYSERI vert"},"content":{"rendered":"\t\t<div data-elementor-type=\"product-post\" data-elementor-id=\"12523\" class=\"elementor elementor-12523\" data-elementor-post-type=\"product\">\n\t\t\t\t<div class=\"elementor-element elementor-element-516c7e1e e-flex e-con-boxed e-con e-parent\" data-id=\"516c7e1e\" data-element_type=\"container\">\n\t\t\t\t\t<div class=\"e-con-inner\">\n\t\t\t\t<div class=\"elementor-element elementor-element-27dacf4f elementor-widget elementor-widget-text-editor\" data-id=\"27dacf4f\" data-element_type=\"widget\" data-widget_type=\"text-editor.default\">\n\t\t\t\t\t\t\t\t\t<p>D\u00e9couvrez notre nouveau mod\u00e8le \u00e9t\u00e9 KAYSERI , con\u00e7u pour allier confort et style cet \u00e9t\u00e9. Fabriqu\u00e9 en 100 % coton en fibre resserr\u00e9e, il offre une texture qui ressemble a du lin au toucher comme au visuel, parfaite pour la saison chaude. Son design ample et d\u00e9contract\u00e9 vous assure une libert\u00e9 de mouvement optimale.<\/p><p>Ce v\u00eatement se distingue par ses d\u00e9tails pratiques et modernes : une poche kangourou \u00e0 zip des deux c\u00f4t\u00e9s pour ranger vos essentiels en toute s\u00e9curit\u00e9, ainsi que des zips au niveau de la taille du T-shirt, permettant d\u2019ajuster la coupe pour plus de confort.<\/p><p>Disponible dans des couleurs fra\u00eeches et tendance, ce mod\u00e8le est id\u00e9al pour un look estival \u00e0 la fois d\u00e9contract\u00e9 et styl\u00e9. Parfait pour profiter des beaux jours avec \u00e9l\u00e9gance et confort !<\/p>\t\t\t\t\t\t\t\t<\/div>\n\t\t\t\t\t<\/div>\n\t\t\t\t<\/div>\n\t\t\t\t<\/div>\n\t\t","protected":false},"excerpt":{"rendered":"<p>D\u00e9couvrez notre nouveau mod\u00e8le \u00e9t\u00e9 KAYSERI , con\u00e7u pour allier confort et style cet \u00e9t\u00e9. Fabriqu\u00e9 en 100 % coton en fibre resserr\u00e9e, il offre&#8230;<\/p>\n","protected":false},"featured_media":12479,"comment_status":"open","ping_status":"closed","template":"","meta":{"wds_primary_brand":0,"wds_primary_product_brand":0,"wds_primary_product_cat":0},"etheme_brands":[],"product_brand":[],"product_cat":[60],"product_tag":[],"class_list":{"0":"post-12523","1":"product","2":"type-product","3":"status-publish","4":"has-post-thumbnail","6":"product_cat-ensemble","8":"first","9":"instock","10":"taxable","11":"shipping-taxable","12":"purchasable","13":"product-type-variable","14":"has-default-attributes"},"_links":{"self":[{"href":"https:\/\/www.arkane-wear.fr\/index.php\/wp-json\/wp\/v2\/product\/12523","targetHints":{"allow":["GET"]}}],"collection":[{"href":"https:\/\/www.arkane-wear.fr\/index.php\/wp-json\/wp\/v2\/product"}],"about":[{"href":"https:\/\/www.arkane-wear.fr\/index.php\/wp-json\/wp\/v2\/types\/product"}],"replies":[{"embeddable":true,"href":"https:\/\/www.arkane-wear.fr\/index.php\/wp-json\/wp\/v2\/comments?post=12523"}],"version-history":[{"count":5,"href":"https:\/\/www.arkane-wear.fr\/index.php\/wp-json\/wp\/v2\/product\/12523\/revisions"}],"predecessor-version":[{"id":12610,"href":"https:\/\/www.arkane-wear.fr\/index.php\/wp-json\/wp\/v2\/product\/12523\/revisions\/12610"}],"wp:featuredmedia":[{"embeddable":true,"href":"https:\/\/www.arkane-wear.fr\/index.php\/wp-json\/wp\/v2\/media\/12479"}],"wp:attachment":[{"href":"https:\/\/www.arkane-wear.fr\/index.php\/wp-json\/wp\/v2\/media?parent=12523"}],"wp:term":[{"taxonomy":"brand","embeddable":true,"href":"https:\/\/www.arkane-wear.fr\/index.php\/wp-json\/wp\/v2\/etheme_brands?post=12523"},{"taxonomy":"product_brand","embeddable":true,"href":"https:\/\/www.arkane-wear.fr\/index.php\/wp-json\/wp\/v2\/product_brand?post=12523"},{"taxonomy":"product_cat","embeddable":true,"href":"https:\/\/www.arkane-wear.fr\/index.php\/wp-json\/wp\/v2\/product_cat?post=12523"},{"taxonomy":"product_tag","embeddable":true,"href":"https:\/\/www.arkane-wear.fr\/index.php\/wp-json\/wp\/v2\/product_tag?post=12523"}],"curies":[{"name":"wp","href":"https:\/\/api.w.org\/{rel}","templated":true}]}}