{"id":12381,"date":"2025-01-28T19:42:23","date_gmt":"2025-01-28T19:42:23","guid":{"rendered":"https:\/\/www.arkane-wear.fr\/?post_type=product&#038;p=12381"},"modified":"2025-09-28T20:24:23","modified_gmt":"2025-09-28T20:24:23","slug":"parka-nomade-bleu-marine","status":"publish","type":"product","link":"https:\/\/www.arkane-wear.fr\/index.php\/product\/parka-nomade-bleu-marine\/","title":{"rendered":"Parka NOMADE bleu marine"},"content":{"rendered":"\t\t<div data-elementor-type=\"product-post\" data-elementor-id=\"12381\" class=\"elementor elementor-12381\" data-elementor-post-type=\"product\">\n\t\t\t\t<div class=\"elementor-element elementor-element-73e6254a e-flex e-con-boxed e-con e-parent\" data-id=\"73e6254a\" data-element_type=\"container\">\n\t\t\t\t\t<div class=\"e-con-inner\">\n\t\t\t\t<div class=\"elementor-element elementor-element-5a81f1a2 elementor-widget elementor-widget-text-editor\" data-id=\"5a81f1a2\" data-element_type=\"widget\" data-widget_type=\"text-editor.default\">\n\t\t\t\t\t\t\t\t\t<p>Parka NOMADE<\/p><p>Un parka polyvalent con\u00e7u pour vous accompagner tout au long de l&rsquo;ann\u00e9e. Gr\u00e2ce \u00e0 sa technologie d\u00e9perlante, l&rsquo;eau glisse simplement sur le tissu, vous gardant au sec m\u00eame lors de journ\u00e9es pluvieuses. L\u00e9ger mais protecteur, il est parfait pour les trois saisons, offrant confort et libert\u00e9 de mouvement. Son design combine simplicit\u00e9 et efficacit\u00e9, pour un look moderne et pratique au quotidien.\u00a0<\/p>\t\t\t\t\t\t\t\t<\/div>\n\t\t\t\t\t<\/div>\n\t\t\t\t<\/div>\n\t\t\t\t<\/div>\n\t\t","protected":false},"excerpt":{"rendered":"<p>Parka NOMADE Un parka polyvalent con\u00e7u pour vous accompagner tout au long de l&rsquo;ann\u00e9e. Gr\u00e2ce \u00e0 sa technologie d\u00e9perlante, l&rsquo;eau glisse simplement sur le tissu,&#8230;<\/p>\n","protected":false},"featured_media":12373,"comment_status":"open","ping_status":"closed","template":"","meta":{"wds_primary_brand":0,"wds_primary_product_brand":0,"wds_primary_product_cat":63},"etheme_brands":[],"product_brand":[],"product_cat":[63,16,67],"product_tag":[],"class_list":{"0":"post-12381","1":"product","2":"type-product","3":"status-publish","4":"has-post-thumbnail","6":"product_cat-nouveautes","7":"product_cat-uncategorized","8":"product_cat-veste","10":"first","11":"instock","12":"taxable","13":"shipping-taxable","14":"purchasable","15":"product-type-variable"},"_links":{"self":[{"href":"https:\/\/www.arkane-wear.fr\/index.php\/wp-json\/wp\/v2\/product\/12381","targetHints":{"allow":["GET"]}}],"collection":[{"href":"https:\/\/www.arkane-wear.fr\/index.php\/wp-json\/wp\/v2\/product"}],"about":[{"href":"https:\/\/www.arkane-wear.fr\/index.php\/wp-json\/wp\/v2\/types\/product"}],"replies":[{"embeddable":true,"href":"https:\/\/www.arkane-wear.fr\/index.php\/wp-json\/wp\/v2\/comments?post=12381"}],"version-history":[{"count":1,"href":"https:\/\/www.arkane-wear.fr\/index.php\/wp-json\/wp\/v2\/product\/12381\/revisions"}],"predecessor-version":[{"id":12388,"href":"https:\/\/www.arkane-wear.fr\/index.php\/wp-json\/wp\/v2\/product\/12381\/revisions\/12388"}],"wp:featuredmedia":[{"embeddable":true,"href":"https:\/\/www.arkane-wear.fr\/index.php\/wp-json\/wp\/v2\/media\/12373"}],"wp:attachment":[{"href":"https:\/\/www.arkane-wear.fr\/index.php\/wp-json\/wp\/v2\/media?parent=12381"}],"wp:term":[{"taxonomy":"brand","embeddable":true,"href":"https:\/\/www.arkane-wear.fr\/index.php\/wp-json\/wp\/v2\/etheme_brands?post=12381"},{"taxonomy":"product_brand","embeddable":true,"href":"https:\/\/www.arkane-wear.fr\/index.php\/wp-json\/wp\/v2\/product_brand?post=12381"},{"taxonomy":"product_cat","embeddable":true,"href":"https:\/\/www.arkane-wear.fr\/index.php\/wp-json\/wp\/v2\/product_cat?post=12381"},{"taxonomy":"product_tag","embeddable":true,"href":"https:\/\/www.arkane-wear.fr\/index.php\/wp-json\/wp\/v2\/product_tag?post=12381"}],"curies":[{"name":"wp","href":"https:\/\/api.w.org\/{rel}","templated":true}]}}