{"id":10065,"date":"2024-11-22T22:52:51","date_gmt":"2024-11-22T22:52:51","guid":{"rendered":"https:\/\/www.arkane-wear.fr\/?post_type=product&#038;p=10065"},"modified":"2026-03-10T02:56:58","modified_gmt":"2026-03-10T02:56:58","slug":"ensemble-prestige-bleu","status":"publish","type":"product","link":"https:\/\/www.arkane-wear.fr\/index.php\/product\/ensemble-prestige-bleu\/","title":{"rendered":"Prestige Bleu"},"content":{"rendered":"\t\t<div data-elementor-type=\"product-post\" data-elementor-id=\"10065\" class=\"elementor elementor-10065\" data-elementor-post-type=\"product\">\n\t\t\t\t<div class=\"elementor-element elementor-element-73e6254a e-flex e-con-boxed e-con e-parent\" data-id=\"73e6254a\" data-element_type=\"container\">\n\t\t\t\t\t<div class=\"e-con-inner\">\n\t\t\t\t<div class=\"elementor-element elementor-element-5a81f1a2 elementor-widget elementor-widget-text-editor\" data-id=\"5a81f1a2\" data-element_type=\"widget\" data-widget_type=\"text-editor.default\">\n\t\t\t\t\t\t\t\t\t<p>Le model PRESTIGE se distingue par sa conception innovante alliant confort et robustesse. \u00c0 l&rsquo;int\u00e9rieur, un tissu doux offre une sensation de chaleur et de bien-\u00eatre, tandis qu&rsquo;\u00e0 l&rsquo;ext\u00e9rieur, une finition r\u00e9sistante prot\u00e8ge contre les \u00e9l\u00e9ments. Cette dualit\u00e9 cr\u00e9e une pi\u00e8ce unique qui combine l&rsquo;\u00e9l\u00e9gance d&rsquo;une silhouette raffin\u00e9e avec la praticit\u00e9 d&rsquo;une structure durable, parfaite pour les aventures quotidiennes. La texture et le contraste des mat\u00e9riaux rendent chaque v\u00eatement non seulement fonctionnel, mais \u00e9galement exceptionnellement styl\u00e9.<\/p><p>Caract\u00e9ristiques<\/p><p>Sweat:<br \/>Tissus doux et raffin\u00e9 \u00e0 l\u2019int\u00e9rieur , robuste et qualitatif \u00e0 l\u2019ext\u00e9rieur idem pour le bas<br \/>Logo en injection <br \/>Tirette en m\u00e9tal <br \/>Ouverture des c\u00f4t\u00e9s \u00e0 la taille<\/p><p>Sarwel:<br \/>Cordon \u00e0 la taille <br \/>Injection de la Marque en verticale c\u00f4t\u00e9 gauche <br \/>Coupe droite, chino<br \/>Cordon \u00e9lastique a clips pour resserrer au niveau de la cheville <br \/>Poche discr\u00e8te \u00e0 l\u2019arri\u00e8re<\/p><p>Condition de lavage :<br \/>Tissu 100% coton <br \/>Retourner les v\u00eatements pour le lavage <br \/>Repassage pour \u00e9tendre \u00e0 nouveau le tissu <br \/>Lavage 30 degr\u00e9s max<\/p>\t\t\t\t\t\t\t\t<\/div>\n\t\t\t\t\t<\/div>\n\t\t\t\t<\/div>\n\t\t\t\t<\/div>\n\t\t","protected":false},"excerpt":{"rendered":"<p>Le model PRESTIGE se distingue par sa conception innovante alliant confort et robustesse. \u00c0 l&rsquo;int\u00e9rieur, un tissu doux offre une sensation de chaleur et de&#8230;<\/p>\n","protected":false},"featured_media":10050,"comment_status":"open","ping_status":"closed","template":"","meta":{"wds_primary_brand":0,"wds_primary_product_brand":0,"wds_primary_product_cat":0},"etheme_brands":[],"product_brand":[],"product_cat":[60,63],"product_tag":[],"class_list":{"0":"post-10065","1":"product","2":"type-product","3":"status-publish","4":"has-post-thumbnail","6":"product_cat-ensemble","7":"product_cat-nouveautes","9":"first","10":"outofstock","11":"taxable","12":"shipping-taxable","13":"purchasable","14":"product-type-variable"},"_links":{"self":[{"href":"https:\/\/www.arkane-wear.fr\/index.php\/wp-json\/wp\/v2\/product\/10065","targetHints":{"allow":["GET"]}}],"collection":[{"href":"https:\/\/www.arkane-wear.fr\/index.php\/wp-json\/wp\/v2\/product"}],"about":[{"href":"https:\/\/www.arkane-wear.fr\/index.php\/wp-json\/wp\/v2\/types\/product"}],"replies":[{"embeddable":true,"href":"https:\/\/www.arkane-wear.fr\/index.php\/wp-json\/wp\/v2\/comments?post=10065"}],"version-history":[{"count":3,"href":"https:\/\/www.arkane-wear.fr\/index.php\/wp-json\/wp\/v2\/product\/10065\/revisions"}],"predecessor-version":[{"id":12628,"href":"https:\/\/www.arkane-wear.fr\/index.php\/wp-json\/wp\/v2\/product\/10065\/revisions\/12628"}],"wp:featuredmedia":[{"embeddable":true,"href":"https:\/\/www.arkane-wear.fr\/index.php\/wp-json\/wp\/v2\/media\/10050"}],"wp:attachment":[{"href":"https:\/\/www.arkane-wear.fr\/index.php\/wp-json\/wp\/v2\/media?parent=10065"}],"wp:term":[{"taxonomy":"brand","embeddable":true,"href":"https:\/\/www.arkane-wear.fr\/index.php\/wp-json\/wp\/v2\/etheme_brands?post=10065"},{"taxonomy":"product_brand","embeddable":true,"href":"https:\/\/www.arkane-wear.fr\/index.php\/wp-json\/wp\/v2\/product_brand?post=10065"},{"taxonomy":"product_cat","embeddable":true,"href":"https:\/\/www.arkane-wear.fr\/index.php\/wp-json\/wp\/v2\/product_cat?post=10065"},{"taxonomy":"product_tag","embeddable":true,"href":"https:\/\/www.arkane-wear.fr\/index.php\/wp-json\/wp\/v2\/product_tag?post=10065"}],"curies":[{"name":"wp","href":"https:\/\/api.w.org\/{rel}","templated":true}]}}