{"id":10020,"date":"2024-11-22T22:30:46","date_gmt":"2024-11-22T22:30:46","guid":{"rendered":"https:\/\/www.arkane-wear.fr\/?post_type=product&#038;p=10020"},"modified":"2025-03-23T22:06:09","modified_gmt":"2025-03-23T22:06:09","slug":"ensemble-para-kaki","status":"publish","type":"product","link":"https:\/\/www.arkane-wear.fr\/index.php\/product\/ensemble-para-kaki\/","title":{"rendered":"PARA Kaki"},"content":{"rendered":"\t\t<div data-elementor-type=\"product-post\" data-elementor-id=\"10020\" class=\"elementor elementor-10020\" data-elementor-post-type=\"product\">\n\t\t\t\t<div class=\"elementor-element elementor-element-73e6254a e-flex e-con-boxed e-con e-parent\" data-id=\"73e6254a\" data-element_type=\"container\">\n\t\t\t\t\t<div class=\"e-con-inner\">\n\t\t\t\t<div class=\"elementor-element elementor-element-5a81f1a2 elementor-widget elementor-widget-text-editor\" data-id=\"5a81f1a2\" data-element_type=\"widget\" data-widget_type=\"text-editor.default\">\n\t\t\t\t\t\t\t\t\t<p>Le mod\u00e8le PARA <br \/>con\u00e7u \u00e0 partir d\u2019un tissu premium 100 % coton avec un grammage de 380, incarne l\u2019\u00e9quilibre parfait entre \u00e9l\u00e9gance et d\u00e9contraction. Sa texture dense et douce procure une sensation de confort tout en restant suffisamment structur\u00e9e pour offrir une silhouette soign\u00e9e. Id\u00e9al pour les journ\u00e9es o\u00f9 vous souhaitez allier style raffin\u00e9 et confort quotidien, il se porte aussi bien pour un look d\u00e9contract\u00e9 que pour des occasions plus habill\u00e9es. Le tissu de haute qualit\u00e9 et sa coupe moderne assurent une grande durabilit\u00e9 et une belle finition, faisant de ce v\u00eatement une pi\u00e8ce incontournable pour une garde-robe versatile.<\/p><p>Sweat:<br \/>Tissu 100% coton<br \/>Logo en plaque m\u00e9tallique <br \/>Capuche et haut du torse bi mati\u00e8re <br \/>Tirette en m\u00e9tal<br \/>Poche kangourou <br \/>Poche bi mati\u00e8re \u00e0 tirette sur le bras gauche <br \/>Petite ouverture sur les bas cote<\/p><p>Sarwel:<br \/>Cordon \u00e0 la taille <br \/>Logo en plaque m\u00e9tallique <br \/>Poche de mains \u00e0 tirettes<br \/>Une partie en bi mati\u00e8re des 2 c\u00f4t\u00e9s et derri\u00e8re les chevilles<\/p><p>Condition de lavage :<br \/>Tissu 100% coton <br \/>Retourner les v\u00eatements pour le lavage \u26a0\ufe0f<br \/>Repassage pour \u00e9tendre \u00e0 nouveau le tissu <br \/>Lavage 30 degr\u00e9s max<\/p>\t\t\t\t\t\t\t\t<\/div>\n\t\t\t\t\t<\/div>\n\t\t\t\t<\/div>\n\t\t\t\t<\/div>\n\t\t","protected":false},"excerpt":{"rendered":"<p>Le mod\u00e8le PARA con\u00e7u \u00e0 partir d\u2019un tissu premium 100 % coton avec un grammage de 380, incarne l\u2019\u00e9quilibre parfait entre \u00e9l\u00e9gance et d\u00e9contraction. Sa&#8230;<\/p>\n","protected":false},"featured_media":10029,"comment_status":"open","ping_status":"closed","template":"","meta":{"wds_primary_brand":0,"wds_primary_product_brand":0,"wds_primary_product_cat":0},"etheme_brands":[],"product_brand":[],"product_cat":[60,63],"product_tag":[],"class_list":{"0":"post-10020","1":"product","2":"type-product","3":"status-publish","4":"has-post-thumbnail","6":"product_cat-ensemble","7":"product_cat-nouveautes","9":"first","10":"outofstock","11":"taxable","12":"shipping-taxable","13":"purchasable","14":"product-type-variable"},"_links":{"self":[{"href":"https:\/\/www.arkane-wear.fr\/index.php\/wp-json\/wp\/v2\/product\/10020","targetHints":{"allow":["GET"]}}],"collection":[{"href":"https:\/\/www.arkane-wear.fr\/index.php\/wp-json\/wp\/v2\/product"}],"about":[{"href":"https:\/\/www.arkane-wear.fr\/index.php\/wp-json\/wp\/v2\/types\/product"}],"replies":[{"embeddable":true,"href":"https:\/\/www.arkane-wear.fr\/index.php\/wp-json\/wp\/v2\/comments?post=10020"}],"version-history":[{"count":4,"href":"https:\/\/www.arkane-wear.fr\/index.php\/wp-json\/wp\/v2\/product\/10020\/revisions"}],"predecessor-version":[{"id":11986,"href":"https:\/\/www.arkane-wear.fr\/index.php\/wp-json\/wp\/v2\/product\/10020\/revisions\/11986"}],"wp:featuredmedia":[{"embeddable":true,"href":"https:\/\/www.arkane-wear.fr\/index.php\/wp-json\/wp\/v2\/media\/10029"}],"wp:attachment":[{"href":"https:\/\/www.arkane-wear.fr\/index.php\/wp-json\/wp\/v2\/media?parent=10020"}],"wp:term":[{"taxonomy":"brand","embeddable":true,"href":"https:\/\/www.arkane-wear.fr\/index.php\/wp-json\/wp\/v2\/etheme_brands?post=10020"},{"taxonomy":"product_brand","embeddable":true,"href":"https:\/\/www.arkane-wear.fr\/index.php\/wp-json\/wp\/v2\/product_brand?post=10020"},{"taxonomy":"product_cat","embeddable":true,"href":"https:\/\/www.arkane-wear.fr\/index.php\/wp-json\/wp\/v2\/product_cat?post=10020"},{"taxonomy":"product_tag","embeddable":true,"href":"https:\/\/www.arkane-wear.fr\/index.php\/wp-json\/wp\/v2\/product_tag?post=10020"}],"curies":[{"name":"wp","href":"https:\/\/api.w.org\/{rel}","templated":true}]}}